{"id":87,"date":"2025-04-09T22:32:11","date_gmt":"2025-04-09T22:32:11","guid":{"rendered":"https:\/\/diamantegrezzo.org\/?page_id=87"},"modified":"2025-04-09T22:35:43","modified_gmt":"2025-04-09T22:35:43","slug":"ruckerstattung_erhalten","status":"publish","type":"page","link":"https:\/\/diamantegrezzo.org\/de\/rimborso_reso\/","title":{"rendered":"Allgemeine Bedingungen f\u00fcr den Verkauf und die Nutzung der Website und des Blogs"},"content":{"rendered":"<div id='full_slider_1'  class='avia-fullwidth-slider main_color avia-shadow   avia-builder-el-0  el_before_av_textblock  avia-builder-el-first   container_wrap sidebar_left'  ><div  class='avia-slideshow av-m9aicrpu-ef88e244eaedf9afc07c8ca00d0addf8 avia-slideshow-featured av_slideshow_full avia-slide-slider av-slideshow-ui av-control-default av-slideshow-manual av-loop-once av-loop-manual-endless av-default-height-applied   avia-slideshow-1' data-slideshow-options=\"{&quot;animation&quot;:&quot;slide&quot;,&quot;autoplay&quot;:false,&quot;loop_autoplay&quot;:&quot;once&quot;,&quot;interval&quot;:5,&quot;loop_manual&quot;:&quot;manual-endless&quot;,&quot;autoplay_stopper&quot;:false,&quot;noNavigation&quot;:false,&quot;bg_slider&quot;:false,&quot;keep_padding&quot;:false,&quot;hoverpause&quot;:false,&quot;show_slide_delay&quot;:0}\"  itemprop=\"image\" itemscope=\"itemscope\" itemtype=\"https:\/\/schema.org\/ImageObject\" ><ul class='avia-slideshow-inner' style='padding-bottom: 28.666666666667%;'><li  class='avia-slideshow-slide av-m9aicrpu-ef88e244eaedf9afc07c8ca00d0addf8__0  av-single-slide slide-1 slide-odd'><div data-rel='slideshow-1' class='avia-slide-wrap'   ><div class='av-slideshow-caption av-m9aicrpu-ef88e244eaedf9afc07c8ca00d0addf8__0 caption_fullwidth caption_bottom'><div class=\"container caption_container\"><div class=\"slideshow_caption\"><div class=\"slideshow_inner_caption\"><div class=\"slideshow_align_caption\"><h2 class='avia-caption-title'  itemprop=\"name\" >Allgemeine Bedingungen f\u00fcr den Verkauf und die Nutzung der Website und des Blogs<\/h2><\/div><\/div><\/div><\/div><\/div><img decoding=\"async\" fetchpriority=\"high\" class=\"wp-image-291 avia-img-lazy-loading-not-291\"  src=\"https:\/\/diamantegrezzo.org\/wp-content\/uploads\/2025\/04\/AAA-1500x430.jpg\" width=\"1500\" height=\"430\" title='AAA' alt=''  itemprop=\"thumbnailUrl\"   \/><\/div><\/li><\/ul><\/div><\/div><div id='after_full_slider_1'  class='main_color av_default_container_wrap container_wrap sidebar_left'  ><div class='container av-section-cont-open' ><div class='template-page content  av-content-small units'><div class='post-entry post-entry-type-page post-entry-87'><div class='entry-content-wrapper clearfix'>\r\n<section  class='av_textblock_section av-m9ai6tvx-88bed04e1a76d49b526043ca478ede62'   itemscope=\"itemscope\" itemtype=\"https:\/\/schema.org\/CreativeWork\" ><div class='avia_textblock'  itemprop=\"text\" ><\/p>\n<h1 class=\"\" data-start=\"692\" data-end=\"732\">Allgemeine Bedingungen f\u00fcr den Verkauf und die Nutzung der Website und des Blogs<\/h1>\n<p class=\"\" data-start=\"733\" data-end=\"797\"><strong data-start=\"733\" data-end=\"797\">G\u00fcltig f\u00fcr Eink\u00e4ufe, die am <a class=\"\" href=\"https:\/\/diamantegrezzo.org\/de\/\" target=\"_new\" rel=\"noopener\" data-start=\"773\" data-end=\"795\">www.diamantegrezzo.org<\/a><\/strong><\/p>\n<hr class=\"\" data-start=\"799\" data-end=\"802\" \/>\n<h2 class=\"\" data-start=\"804\" data-end=\"838\">1. VERK\u00c4UFERINFORMATIONEN<\/h2>\n<p class=\"\" data-start=\"839\" data-end=\"980\">Der Standort <a class=\"\" href=\"https:\/\/diamantegrezzo.org\/de\/\" target=\"_new\" rel=\"noopener\" data-start=\"847\" data-end=\"869\">www.diamantegrezzo.org<\/a> wird verwaltet von <strong data-start=\"883\" data-end=\"912\">Lycnos di Fois Alessandro<\/strong>mit Sitz in Via Don Mosetto 59, 10015 Ivrea (TO), Italien.<\/p>\n<ul data-start=\"982\" data-end=\"1130\">\n<li class=\"\" data-start=\"982\" data-end=\"1014\">\n<p class=\"\" data-start=\"984\" data-end=\"1014\"><strong data-start=\"984\" data-end=\"999\">MwSt.-Nr.<\/strong>: 12208440011<\/p>\n<\/li>\n<li class=\"\" data-start=\"1015\" data-end=\"1055\">\n<p class=\"\" data-start=\"1017\" data-end=\"1055\"><strong data-start=\"1017\" data-end=\"1035\">Steuergesetzbuch<\/strong>: FSOLSN59M29B354H<\/p>\n<\/li>\n<li class=\"\" data-start=\"1056\" data-end=\"1087\">\n<p class=\"\" data-start=\"1058\" data-end=\"1087\"><strong data-start=\"1058\" data-end=\"1067\">E-Mail<\/strong>: <a class=\"cursor-pointer\" rel=\"noopener\" data-start=\"1069\" data-end=\"1085\">lycnos@gmail.com<\/a><\/p>\n<\/li>\n<li class=\"\" data-start=\"1088\" data-end=\"1130\">\n<p class=\"\" data-start=\"1090\" data-end=\"1130\"><strong data-start=\"1090\" data-end=\"1111\">Telefon\/WhatsApp<\/strong>: +39 377 1492307<\/p>\n<\/li>\n<\/ul>\n<hr class=\"\" data-start=\"1132\" data-end=\"1135\" \/>\n<h2 class=\"\" data-start=\"1137\" data-end=\"1161\">2. ANGEBOTENE PRODUKTE<\/h2>\n<p class=\"\" data-start=\"1162\" data-end=\"1189\">Die Website bietet zum Verkauf:<\/p>\n<ul data-start=\"1191\" data-end=\"1492\">\n<li class=\"\" data-start=\"1191\" data-end=\"1244\">\n<p class=\"\" data-start=\"1193\" data-end=\"1244\"><strong data-start=\"1193\" data-end=\"1202\">B\u00fccher<\/strong>: in gedruckter und digitaler Form (eBook)<\/p>\n<\/li>\n<li class=\"\" data-start=\"1245\" data-end=\"1341\">\n<p class=\"\" data-start=\"1247\" data-end=\"1341\"><strong data-start=\"1247\" data-end=\"1268\">Musik-Produkte<\/strong>: Titel und Alben in digitalem Format und, wo angegeben, auf physischen Datentr\u00e4gern<\/p>\n<\/li>\n<li class=\"\" data-start=\"1342\" data-end=\"1435\">\n<p class=\"\" data-start=\"1344\" data-end=\"1435\"><strong data-start=\"1344\" data-end=\"1366\">Kurse und Videokurse<\/strong>: online nutzbar, mit unbegrenztem Zugang, sofern nicht anders angegeben<\/p>\n<\/li>\n<li class=\"\" data-start=\"1436\" data-end=\"1492\">\n<p class=\"\" data-start=\"1438\" data-end=\"1492\"><strong data-start=\"1438\" data-end=\"1448\">Gadgets<\/strong>Werbeartikel und thematisches Zubeh\u00f6r<\/p>\n<\/li>\n<\/ul>\n<hr class=\"\" data-start=\"1494\" data-end=\"1497\" \/>\n<h2 class=\"\" data-start=\"1499\" data-end=\"1527\">3. EINKAUFSMETHODEN<\/h2>\n<p class=\"\" data-start=\"1528\" data-end=\"1572\">Um einen Kauf abzuschlie\u00dfen, muss der Nutzer:<\/p>\n<ol data-start=\"1573\" data-end=\"1827\">\n<li class=\"\" data-start=\"1573\" data-end=\"1626\">\n<p class=\"\" data-start=\"1576\" data-end=\"1626\">Produkte ausw\u00e4hlen und in den Einkaufswagen legen<\/p>\n<\/li>\n<li class=\"\" data-start=\"1627\" data-end=\"1675\">\n<p class=\"\" data-start=\"1630\" data-end=\"1675\">Eingabe von Personen- und Rechnungsdaten<\/p>\n<\/li>\n<li class=\"\" data-start=\"1676\" data-end=\"1720\">\n<p class=\"\" data-start=\"1679\" data-end=\"1720\">Pr\u00fcfen Sie den Auftrag und die damit verbundenen Kosten<\/p>\n<\/li>\n<li class=\"\" data-start=\"1721\" data-end=\"1778\">\n<p class=\"\" data-start=\"1724\" data-end=\"1778\">Bezahlen Sie mit den verf\u00fcgbaren Methoden<\/p>\n<\/li>\n<li class=\"\" data-start=\"1779\" data-end=\"1827\">\n<p class=\"\" data-start=\"1782\" data-end=\"1827\">Sie erhalten eine Auftragsbest\u00e4tigung per E-Mail<\/p>\n<\/li>\n<\/ol>\n<p class=\"\" data-start=\"1829\" data-end=\"1934\">Mit der Abgabe der Bestellung und der Zahlung gilt der Kaufvertrag als abgeschlossen. <strong data-start=\"1908\" data-end=\"1933\">abgeschlossen und verbindlich<\/strong>.<\/p>\n<hr class=\"\" data-start=\"1936\" data-end=\"1939\" \/>\n<h2 class=\"\" data-start=\"1941\" data-end=\"1968\">4. ZAHLUNGSMODALIT\u00c4TEN<\/h2>\n<p class=\"\" data-start=\"1969\" data-end=\"2018\">Die folgenden Zahlungssysteme werden akzeptiert:<\/p>\n<ul data-start=\"2019\" data-end=\"2090\">\n<li class=\"\" data-start=\"2019\" data-end=\"2033\">\n<p class=\"\" data-start=\"2021\" data-end=\"2033\"><strong data-start=\"2021\" data-end=\"2031\">PayPal<\/strong><\/p>\n<\/li>\n<li class=\"\" data-start=\"2034\" data-end=\"2090\">\n<p class=\"\" data-start=\"2036\" data-end=\"2090\"><strong data-start=\"2036\" data-end=\"2063\">Kredit-\/Debitkarten<\/strong> (Visa, Mastercard, etc.).<\/p>\n<\/li>\n<\/ul>\n<p class=\"\" data-start=\"2092\" data-end=\"2200\">Die Zahlungsdaten werden \u00fcber sichere Protokolle in \u00dcbereinstimmung mit dem PCI-DSS verarbeitet.<\/p>\n<hr class=\"\" data-start=\"2202\" data-end=\"2205\" \/>\n<h2 class=\"\" data-start=\"2207\" data-end=\"2236\">5. VERSAND UND LIEFERUNG<\/h2>\n<ul data-start=\"2237\" data-end=\"2491\">\n<li class=\"\" data-start=\"2237\" data-end=\"2340\">\n<p class=\"\" data-start=\"2239\" data-end=\"2340\"><strong data-start=\"2239\" data-end=\"2260\">Digitale Produkte<\/strong>: zum sofortigen Download oder per E-Mail nach Bezahlung<\/p>\n<\/li>\n<li class=\"\" data-start=\"2341\" data-end=\"2491\">\n<p class=\"\" data-start=\"2343\" data-end=\"2491\"><strong data-start=\"2343\" data-end=\"2362\">Physische Produkte<\/strong>Versand innerhalb von 5 Arbeitstagen. Voraussichtliche Lieferung innerhalb von 10 Tagen, au\u00dfer bei h\u00f6herer Gewalt oder Versp\u00e4tungen des Kuriers<\/p>\n<\/li>\n<\/ul>\n<p class=\"\" data-start=\"2493\" data-end=\"2650\"><strong data-start=\"2493\" data-end=\"2523\">Haftungsklausel<\/strong>Lycnos haftet nicht f\u00fcr Verz\u00f6gerungen oder Nichtlieferungen, die auf Dritte, h\u00f6here Gewalt oder au\u00dfergew\u00f6hnliche Ereignisse zur\u00fcckzuf\u00fchren sind.<\/p>\n<p class=\"\" data-start=\"2652\" data-end=\"2732\">Die Versandkosten werden im Warenkorb vor der Bestellbest\u00e4tigung angezeigt.<\/p>\n<hr class=\"\" data-start=\"2734\" data-end=\"2737\" \/>\n<h2 class=\"\" data-start=\"2739\" data-end=\"2772\">6. WIDERRUFSRECHT UND R\u00dcCKGABE<\/h2>\n<h3 class=\"\" data-start=\"2774\" data-end=\"2801\">6.1 Digitale Produkte<\/h3>\n<p class=\"\" data-start=\"2802\" data-end=\"2957\">Gem\u00e4\u00df Artikel 59 des Verbraucherschutzgesetzes ist das Widerrufsrecht <strong data-start=\"2870\" data-end=\"2888\">trifft nicht zu<\/strong> zu digitalen Inhalten, die bereits heruntergeladen oder dem Kunden zug\u00e4nglich gemacht wurden.<\/p>\n<h3 class=\"\" data-start=\"2959\" data-end=\"2984\">6.2 Physische Produkte<\/h3>\n<p class=\"\" data-start=\"2985\" data-end=\"3070\">Der Kunde hat das Recht, innerhalb von <strong data-start=\"3025\" data-end=\"3054\">14 Tage nach Erhalt<\/strong> der Produkte.<\/p>\n<p class=\"\" data-start=\"3072\" data-end=\"3235\">R\u00fccksendungen sind nur m\u00f6glich, wenn das Produkt intakt, unbenutzt und in der Originalverpackung zur\u00fcckgeschickt wird. Die Kosten f\u00fcr die R\u00fccksendung sind vom Kunden zu tragen.<\/p>\n<p class=\"\" data-start=\"3237\" data-end=\"3416\">Um das Widerrufsrecht auszu\u00fcben, gen\u00fcgt eine schriftliche Mitteilung an <strong data-start=\"3326\" data-end=\"3346\"><a class=\"cursor-pointer\" rel=\"noopener\" data-start=\"3328\" data-end=\"3344\">lycnos@gmail.com<\/a><\/strong>oder f\u00fcllen Sie das Feld <a class=\"\" href=\"#\" rel=\"noopener\" data-start=\"3368\" data-end=\"3394\"><strong data-start=\"3369\" data-end=\"3390\">R\u00fccktrittsformular<\/strong><\/a> auf der Website verf\u00fcgbar.<\/p>\n<hr class=\"\" data-start=\"3418\" data-end=\"3421\" \/>\n<h2 class=\"\" data-start=\"3423\" data-end=\"3460\">7. RECHTLICHE GARANTIE DER KONFORMIT\u00c4T<\/h2>\n<p class=\"\" data-start=\"3461\" data-end=\"3573\">Alle verkauften physischen Waren sind durch <strong data-start=\"3505\" data-end=\"3535\">24-monatige gesetzliche Gew\u00e4hrleistung<\/strong>in \u00dcbereinstimmung mit der Gesetzesverordnung 206\/2005.<\/p>\n<p class=\"\" data-start=\"3575\" data-end=\"3762\">Der Kunde muss etwaige M\u00e4ngel innerhalb von <strong data-start=\"3625\" data-end=\"3652\">zwei Monate nach der Entdeckung<\/strong>. Im Falle eines fehlerhaften oder nicht konformen Produkts wird Lycnos es kostenlos ersetzen oder reparieren.<\/p>\n<hr class=\"\" data-start=\"3764\" data-end=\"3767\" \/>\n<h2 class=\"\" data-start=\"3769\" data-end=\"3811\">8. BLOGEINTRAG UND KOMMUNIKATION<\/h2>\n<h3 class=\"\" data-start=\"3813\" data-end=\"3845\">8.1 Modalit\u00e4ten der Registrierung<\/h3>\n<p class=\"\" data-start=\"3846\" data-end=\"3877\">Der Blogeintrag findet statt:<\/p>\n<ul data-start=\"3878\" data-end=\"3989\">\n<li class=\"\" data-start=\"3878\" data-end=\"3926\">\n<p class=\"\" data-start=\"3880\" data-end=\"3926\"><strong data-start=\"3880\" data-end=\"3899\">Automatisch<\/strong> nach einem Kauf<\/p>\n<\/li>\n<li class=\"\" data-start=\"3927\" data-end=\"3989\">\n<p class=\"\" data-start=\"3929\" data-end=\"3989\"><strong data-start=\"3929\" data-end=\"3948\">Freiwillig<\/strong>durch Ausf\u00fcllen des entsprechenden Formulars auf der Website<\/p>\n<\/li>\n<\/ul>\n<h3 class=\"\" data-start=\"3991\" data-end=\"4022\">8.2 Gesendete Mitteilungen<\/h3>\n<p class=\"\" data-start=\"4023\" data-end=\"4050\">Die Mitglieder erhalten:<\/p>\n<ul data-start=\"4051\" data-end=\"4150\">\n<li class=\"\" data-start=\"4051\" data-end=\"4099\">\n<p class=\"\" data-start=\"4053\" data-end=\"4099\">Benachrichtigungen \u00fcber neue Blogartikel<\/p>\n<\/li>\n<li class=\"\" data-start=\"4100\" data-end=\"4150\">\n<p class=\"\" data-start=\"4102\" data-end=\"4150\">Aktuelle Informationen \u00fcber Produkte, Veranstaltungen und Initiativen<\/p>\n<\/li>\n<\/ul>\n<p class=\"\" data-start=\"4152\" data-end=\"4227\">Jede E-Mail enth\u00e4lt den Link zum <strong data-start=\"4187\" data-end=\"4214\">sofortige Aufhebung<\/strong> aus der Liste.<\/p>\n<hr class=\"\" data-start=\"4229\" data-end=\"4232\" \/>\n<h2 class=\"\" data-start=\"4234\" data-end=\"4272\">9. VERARBEITUNG VON PERSONENBEZOGENEN DATEN<\/h2>\n<p class=\"\" data-start=\"4273\" data-end=\"4405\">Die Verarbeitung personenbezogener Daten erfolgt in \u00dcbereinstimmung mit dem <strong data-start=\"4321\" data-end=\"4355\">EU-Verordnung 2016\/679 (GDPR)<\/strong>.<br data-start=\"4356\" data-end=\"4359\" \/>Die Verarbeitung erfolgt auf der Rechtsgrundlage von:<\/p>\n<ul data-start=\"4406\" data-end=\"4589\">\n<li class=\"\" data-start=\"4406\" data-end=\"4473\">\n<p class=\"\" data-start=\"4408\" data-end=\"4473\"><strong data-start=\"4408\" data-end=\"4420\">Zustimmung<\/strong> (f\u00fcr freiwilliges Blog- oder Newsletter-Abonnement)<\/p>\n<\/li>\n<li class=\"\" data-start=\"4474\" data-end=\"4536\">\n<p class=\"\" data-start=\"4476\" data-end=\"4536\"><strong data-start=\"4476\" data-end=\"4503\">Vertragliche Ausf\u00fchrung<\/strong> (f\u00fcr die Auftragsverwaltung)<\/p>\n<\/li>\n<li class=\"\" data-start=\"4537\" data-end=\"4589\">\n<p class=\"\" data-start=\"4539\" data-end=\"4589\"><strong data-start=\"4539\" data-end=\"4557\">Rechtliche Verpflichtung<\/strong> (f\u00fcr Buchhaltungs- und Steuerzwecke)<\/p>\n<\/li>\n<\/ul>\n<p class=\"\" data-start=\"4591\" data-end=\"4660\">Weitere Einzelheiten finden Sie in der<a class=\"\" href=\"#\" rel=\"noopener\" data-start=\"4625\" data-end=\"4659\"><strong data-start=\"4626\" data-end=\"4655\">Datenschutzbestimmungen<\/strong><\/a>.<\/p>\n<hr class=\"\" data-start=\"4662\" data-end=\"4665\" \/>\n<h2 class=\"\" data-start=\"4667\" data-end=\"4711\">10. ANWENDBARES RECHT UND GERICHTSSTAND<\/h2>\n<p class=\"\" data-start=\"4712\" data-end=\"4776\">Diese Bedingungen werden durch die <strong data-start=\"4755\" data-end=\"4773\">Italienisches Recht<\/strong>.<\/p>\n<p class=\"\" data-start=\"4778\" data-end=\"4945\">F\u00fcr Streitigkeiten mit Verbrauchern ist gem\u00e4\u00df Artikel 66-bis des Verbraucherschutzgesetzes das Gericht zust\u00e4ndig, das <strong data-start=\"4883\" data-end=\"4942\">Forum des Wohnsitzes oder des Aufenthaltsortes des Verbrauchers<\/strong>.<\/p>\n<hr class=\"\" data-start=\"4947\" data-end=\"4950\" \/>\n<h2 class=\"\" data-start=\"4952\" data-end=\"4986\">11. \u00c4NDERUNGEN DER BEDINGUNGEN<\/h2>\n<p class=\"\" data-start=\"4987\" data-end=\"5201\">Lycnos beh\u00e4lt sich das Recht vor, diese Bedingungen jederzeit zu \u00e4ndern.<br data-start=\"5074\" data-end=\"5077\" \/>Die \u00c4nderungen treten mit dem Datum der Ver\u00f6ffentlichung in Kraft und <strong data-start=\"5136\" data-end=\"5173\">gelten nicht r\u00fcckwirkend<\/strong> f\u00fcr bereits erteilte Auftr\u00e4ge.<\/p>\n<p><\/p>\n<\/div><\/section>","protected":false},"excerpt":{"rendered":"","protected":false},"author":1,"featured_media":0,"parent":0,"menu_order":0,"comment_status":"closed","ping_status":"closed","template":"","meta":{"footnotes":""},"class_list":["post-87","page","type-page","status-publish","hentry"],"post_mailing_queue_ids":[],"_links":{"self":[{"href":"https:\/\/diamantegrezzo.org\/de\/wp-json\/wp\/v2\/pages\/87","targetHints":{"allow":["GET"]}}],"collection":[{"href":"https:\/\/diamantegrezzo.org\/de\/wp-json\/wp\/v2\/pages"}],"about":[{"href":"https:\/\/diamantegrezzo.org\/de\/wp-json\/wp\/v2\/types\/page"}],"author":[{"embeddable":true,"href":"https:\/\/diamantegrezzo.org\/de\/wp-json\/wp\/v2\/users\/1"}],"replies":[{"embeddable":true,"href":"https:\/\/diamantegrezzo.org\/de\/wp-json\/wp\/v2\/comments?post=87"}],"version-history":[{"count":3,"href":"https:\/\/diamantegrezzo.org\/de\/wp-json\/wp\/v2\/pages\/87\/revisions"}],"predecessor-version":[{"id":292,"href":"https:\/\/diamantegrezzo.org\/de\/wp-json\/wp\/v2\/pages\/87\/revisions\/292"}],"wp:attachment":[{"href":"https:\/\/diamantegrezzo.org\/de\/wp-json\/wp\/v2\/media?parent=87"}],"curies":[{"name":"wp","href":"https:\/\/api.w.org\/{rel}","templated":true}]}}